{"id":121,"date":"2018-05-07T12:42:43","date_gmt":"2018-05-07T10:42:43","guid":{"rendered":"https:\/\/www.bacinas.de\/infos\/?page_id=121"},"modified":"2018-07-24T15:16:58","modified_gmt":"2018-07-24T13:16:58","slug":"impressum","status":"publish","type":"page","link":"https:\/\/www.bacinas.de\/infos\/impressum\/","title":{"rendered":"Impressum"},"content":{"rendered":"[et_pb_section bb_built=&#8220;1&#8243;][et_pb_row][et_pb_column type=&#8220;4_4&#8243;][et_pb_text]\n<h1><span id=\"Angaben_gemaess_5_TMG\">Impressum<\/span><\/h1>\n<h2><span id=\"Angaben_gemaess_5_TMG\">Angaben gem\u00e4\u00df \u00a7 5 TMG:<\/span><\/h2>\n<p>Novasu GmbH<br \/>\nSavignyplatz 6<br \/>\n10623 Berlin<\/p>\n<h2><span id=\"Kontakt\">Kontakt:<\/span><\/h2>\n<p>Telefon: + 49 (0)30-31808151<br \/>\nTelefax: + 49 (0)30-31808152<br \/>\nE-Mail: info@japanwelt.de<\/p>\n<h2><span id=\"Umsatzsteuer\">Umsatzsteuer:<\/span><\/h2>\n<p>Umsatzsteuer-<br \/>\nIdentifikationsnummer gem\u00e4\u00df \u00a727 a Umsatzsteuergesetz:<br \/>\nDE814350895<\/p>\n<h2><span id=\"Streitschlichtung\">Streitschlichtung<\/span><\/h2>\n<p>Die Europ\u00e4ische Kommission stellt eine Plattform zur Online-<br \/>\nStreitbeilegung (OS) bereit:\u00a0<a href=\"https:\/\/ec.europa.eu\/consumers\/odr\" target=\"_blank\" rel=\"noopener\"><br \/>\nhttps:\/\/ec.europa.eu\/consumers\/odr<\/a><br \/>\nUnsere E-Mail-Adresse finden Sie oben im Impressum.<\/p>\n<p>Wir sind nicht bereit oder verpflichtet, an Streitbeilegungsverfahren vor einer<br \/>\nVerbraucherschlichtungsstelle teilzunehmen.<\/p>\n<h2><span id=\"Haftung_fuer_Inhalte\">Haftung f\u00fcr Inhalte<\/span><\/h2>\n<p>Als Diensteanbieter sind wir gem\u00e4\u00df \u00a7 7 Abs.1 TMG f\u00fcr eigene Inhalte auf diesen Seiten<br \/>\nnach den allgemeinen Gesetzen verantwortlich. Nach \u00a7\u00a7 8 bis 10 TMG sind wir als<br \/>\nDiensteanbieter jedoch nicht verpflichtet, \u00fcbermittelte oder gespeicherte fremde Informationen zu<br \/>\n\u00fcberwachen oder nach Umst\u00e4nden zu forschen, die auf eine rechtswidrige T\u00e4tigkeit<br \/>\nhinweisen.<\/p>\n<p>Verpflichtungen zur Entfernung oder Sperrung der Nutzung von Informationen nach<br \/>\nden allgemeinen Gesetzen bleiben hiervon unber\u00fchrt. Eine diesbez\u00fcgliche Haftung ist jedoch<br \/>\nerst ab dem Zeitpunkt der Kenntnis einer konkreten Rechtsverletzung m\u00f6glich. Bei Bekanntwerden<br \/>\nvon entsprechenden Rechtsverletzungen werden wir diese Inhalte umgehend entfernen.<\/p>\n<h2><span id=\"Haftung_fuer_Links\">Haftung f\u00fcr Links<\/span><\/h2>\n<p>Unser Angebot enth\u00e4lt Links zu externen Websites Dritter, auf<br \/>\nderen Inhalte wir keinen Einfluss haben. Deshalb k\u00f6nnen wir f\u00fcr diese fremden Inhalte auch<br \/>\nkeine Gew\u00e4hr \u00fcbernehmen. F\u00fcr die Inhalte der verlinkten Seiten ist stets der jeweilige<br \/>\nAnbieter oder Betreiber der Seiten verantwortlich. Die verlinkten Seiten wurden zum Zeitpunkt der<br \/>\nVerlinkung auf m\u00f6gliche Rechtsverst\u00f6\u00dfe \u00fcberpr\u00fcft. Rechtswidrige Inhalte<br \/>\nwaren zum Zeitpunkt der Verlinkung nicht erkennbar.<\/p>\n<p>Eine permanente inhaltliche Kontrolle der<br \/>\nverlinkten Seiten ist jedoch ohne konkrete Anhaltspunkte einer Rechtsverletzung nicht zumutbar. Bei<br \/>\nBekanntwerden von Rechtsverletzungen werden wir derartige Links umgehend entfernen.<\/p>\n<h2><span id=\"Urheberrecht\">Urheberrecht<\/span><\/h2>\n<p>Die durch die Seitenbetreiber erstellten Inhalte und Werke auf diesen Seiten<br \/>\nunterliegen dem deutschen Urheberrecht. Die Vervielf\u00e4ltigung, Bearbeitung, Verbreitung und jede<br \/>\nArt der Verwertung au\u00dferhalb der Grenzen des Urheberrechtes bed\u00fcrfen der schriftlichen<br \/>\nZustimmung des jeweiligen Autors bzw. Erstellers. Downloads und Kopien dieser Seite sind nur f\u00fcr<br \/>\nden privaten, nicht kommerziellen Gebrauch gestattet.<\/p>\n<p>Soweit die Inhalte auf dieser Seite nicht<br \/>\nvom Betreiber erstellt wurden, werden die Urheberrechte Dritter beachtet. Insbesondere werden Inhalte<br \/>\nDritter als solche gekennzeichnet. Sollten Sie trotzdem auf eine Urheberrechtsverletzung aufmerksam<br \/>\nwerden, bitten wir um einen entsprechenden Hinweis. Bei Bekanntwerden von Rechtsverletzungen<br \/>\nwerden wir derartige Inhalte umgehend entfernen.<\/p>\n<p>Quelle:\u00a0<a href=\"https:\/\/www.e-recht24.de\/\">erecht24.de<\/a><\/p>\n[\/et_pb_text][\/et_pb_column][\/et_pb_row][\/et_pb_section]\n","protected":false},"excerpt":{"rendered":"<p>[et_pb_section bb_built=&#8220;1&#8243;][et_pb_row][et_pb_column type=&#8220;4_4&#8243;][et_pb_text] Impressum Angaben gem\u00e4\u00df \u00a7 5 TMG: Novasu GmbH Savignyplatz 6 10623 Berlin Kontakt: Telefon: + 49 (0)30-31808151 Telefax: + 49 (0)30-31808152 E-Mail: info@japanwelt.de Umsatzsteuer: Umsatzsteuer- Identifikationsnummer gem\u00e4\u00df \u00a727 a Umsatzsteuergesetz: DE814350895 Streitschlichtung Die Europ\u00e4ische Kommission stellt eine Plattform zur Online- Streitbeilegung (OS) bereit:\u00a0 https:\/\/ec.europa.eu\/consumers\/odr Unsere E-Mail-Adresse finden Sie oben im Impressum. Wir [&hellip;]<\/p>\n","protected":false},"author":2,"featured_media":0,"parent":0,"menu_order":0,"comment_status":"closed","ping_status":"closed","template":"","meta":{"_et_pb_use_builder":"on","_et_pb_old_content":"<h1><span id=\"Angaben_gemaess_5_TMG\">Impressum<\/span><\/h1><h2><span id=\"Angaben_gemaess_5_TMG\">Angaben gem\u00e4\u00df \u00a7 5 TMG:<\/span><\/h2><p>Novasu GmbH<br \/> Savignyplatz 6<br \/> 10623 Berlin<\/p><h2><span id=\"Kontakt\">Kontakt:<\/span><\/h2><p>Telefon: + 49 (0)30-31808151<br \/> Telefax: + 49 (0)30-31808152<br \/> E-Mail: info@japanwelt.de<\/p><h2><span id=\"Umsatzsteuer\">Umsatzsteuer:<\/span><\/h2><p>Umsatzsteuer-<br \/> Identifikationsnummer gem\u00e4\u00df \u00a727 a Umsatzsteuergesetz:<br \/> DE814350895<\/p><h2><span id=\"Streitschlichtung\">Streitschlichtung<\/span><\/h2><p>Die Europ\u00e4ische Kommission stellt eine Plattform zur Online-<br \/> Streitbeilegung (OS) bereit:\u00a0<a href=\"https:\/\/ec.europa.eu\/consumers\/odr\" target=\"_blank\" rel=\"noopener\"><br \/> https:\/\/ec.europa.eu\/consumers\/odr<\/a><br \/> Unsere E-Mail-Adresse finden Sie oben im Impressum.<\/p><p>Wir sind nicht bereit oder verpflichtet, an Streitbeilegungsverfahren vor einer<br \/> Verbraucherschlichtungsstelle teilzunehmen.<\/p><h2><span id=\"Haftung_fuer_Inhalte\">Haftung f\u00fcr Inhalte<\/span><\/h2><p>Als Diensteanbieter sind wir gem\u00e4\u00df \u00a7 7 Abs.1 TMG f\u00fcr eigene Inhalte auf diesen Seiten<br \/> nach den allgemeinen Gesetzen verantwortlich. Nach \u00a7\u00a7 8 bis 10 TMG sind wir als<br \/> Diensteanbieter jedoch nicht verpflichtet, \u00fcbermittelte oder gespeicherte fremde Informationen zu<br \/> \u00fcberwachen oder nach Umst\u00e4nden zu forschen, die auf eine rechtswidrige T\u00e4tigkeit<br \/> hinweisen.<\/p><p>Verpflichtungen zur Entfernung oder Sperrung der Nutzung von Informationen nach<br \/> den allgemeinen Gesetzen bleiben hiervon unber\u00fchrt. Eine diesbez\u00fcgliche Haftung ist jedoch<br \/> erst ab dem Zeitpunkt der Kenntnis einer konkreten Rechtsverletzung m\u00f6glich. Bei Bekanntwerden<br \/> von entsprechenden Rechtsverletzungen werden wir diese Inhalte umgehend entfernen.<\/p><h2><span id=\"Haftung_fuer_Links\">Haftung f\u00fcr Links<\/span><\/h2><p>Unser Angebot enth\u00e4lt Links zu externen Websites Dritter, auf<br \/> deren Inhalte wir keinen Einfluss haben. Deshalb k\u00f6nnen wir f\u00fcr diese fremden Inhalte auch<br \/> keine Gew\u00e4hr \u00fcbernehmen. F\u00fcr die Inhalte der verlinkten Seiten ist stets der jeweilige<br \/> Anbieter oder Betreiber der Seiten verantwortlich. Die verlinkten Seiten wurden zum Zeitpunkt der<br \/> Verlinkung auf m\u00f6gliche Rechtsverst\u00f6\u00dfe \u00fcberpr\u00fcft. Rechtswidrige Inhalte<br \/> waren zum Zeitpunkt der Verlinkung nicht erkennbar.<\/p><p>Eine permanente inhaltliche Kontrolle der<br \/> verlinkten Seiten ist jedoch ohne konkrete Anhaltspunkte einer Rechtsverletzung nicht zumutbar. Bei<br \/> Bekanntwerden von Rechtsverletzungen werden wir derartige Links umgehend entfernen.<\/p><h2><span id=\"Urheberrecht\">Urheberrecht<\/span><\/h2><p>Die durch die Seitenbetreiber erstellten Inhalte und Werke auf diesen Seiten<br \/> unterliegen dem deutschen Urheberrecht. Die Vervielf\u00e4ltigung, Bearbeitung, Verbreitung und jede<br \/> Art der Verwertung au\u00dferhalb der Grenzen des Urheberrechtes bed\u00fcrfen der schriftlichen<br \/> Zustimmung des jeweiligen Autors bzw. Erstellers. Downloads und Kopien dieser Seite sind nur f\u00fcr<br \/> den privaten, nicht kommerziellen Gebrauch gestattet.<\/p><p>Soweit die Inhalte auf dieser Seite nicht<br \/> vom Betreiber erstellt wurden, werden die Urheberrechte Dritter beachtet. Insbesondere werden Inhalte<br \/> Dritter als solche gekennzeichnet. Sollten Sie trotzdem auf eine Urheberrechtsverletzung aufmerksam<br \/> werden, bitten wir um einen entsprechenden Hinweis. Bei Bekanntwerden von Rechtsverletzungen<br \/> werden wir derartige Inhalte umgehend entfernen.<\/p><p>Quelle:\u00a0<a href=\"https:\/\/www.e-recht24.de\/\">erecht24.de<\/a><\/p>","_monsterinsights_skip_tracking":false,"_monsterinsights_sitenote_active":false,"_monsterinsights_sitenote_note":"","_monsterinsights_sitenote_category":0},"yoast_head":"<!-- This site is optimized with the Yoast SEO plugin v19.4 - https:\/\/yoast.com\/wordpress\/plugins\/seo\/ -->\n<title>Impressum - Bacinas Infos<\/title>\n<meta name=\"robots\" content=\"noindex, follow\" \/>\n<meta property=\"og:locale\" content=\"de_DE\" \/>\n<meta property=\"og:type\" content=\"article\" \/>\n<meta property=\"og:title\" content=\"Impressum - Bacinas Infos\" \/>\n<meta property=\"og:description\" content=\"[et_pb_section bb_built=&#8220;1&#8243;][et_pb_row][et_pb_column type=&#8220;4_4&#8243;][et_pb_text] Impressum Angaben gem\u00e4\u00df \u00a7 5 TMG: Novasu GmbH Savignyplatz 6 10623 Berlin Kontakt: Telefon: + 49 (0)30-31808151 Telefax: + 49 (0)30-31808152 E-Mail: info@japanwelt.de Umsatzsteuer: Umsatzsteuer- Identifikationsnummer gem\u00e4\u00df \u00a727 a Umsatzsteuergesetz: DE814350895 Streitschlichtung Die Europ\u00e4ische Kommission stellt eine Plattform zur Online- Streitbeilegung (OS) bereit:\u00a0 https:\/\/ec.europa.eu\/consumers\/odr Unsere E-Mail-Adresse finden Sie oben im Impressum. Wir [&hellip;]\" \/>\n<meta property=\"og:url\" content=\"https:\/\/www.bacinas.de\/infos\/impressum\/\" \/>\n<meta property=\"og:site_name\" content=\"Bacinas Infos\" \/>\n<meta property=\"article:modified_time\" content=\"2018-07-24T13:16:58+00:00\" \/>\n<meta name=\"twitter:card\" content=\"summary_large_image\" \/>\n<meta name=\"twitter:label1\" content=\"Gesch\u00e4tzte Lesezeit\" \/>\n\t<meta name=\"twitter:data1\" content=\"2\u00a0Minuten\" \/>\n<script type=\"application\/ld+json\" class=\"yoast-schema-graph\">{\"@context\":\"https:\/\/schema.org\",\"@graph\":[{\"@type\":\"WebSite\",\"@id\":\"https:\/\/www.bacinas.de\/infos\/#website\",\"url\":\"https:\/\/www.bacinas.de\/infos\/\",\"name\":\"Bacinas Infos\",\"description\":\"Bacinas - Die Edlen Filzpantoffeln\",\"potentialAction\":[{\"@type\":\"SearchAction\",\"target\":{\"@type\":\"EntryPoint\",\"urlTemplate\":\"https:\/\/www.bacinas.de\/infos\/?s={search_term_string}\"},\"query-input\":\"required name=search_term_string\"}],\"inLanguage\":\"de\"},{\"@type\":\"WebPage\",\"@id\":\"https:\/\/www.bacinas.de\/infos\/impressum\/\",\"url\":\"https:\/\/www.bacinas.de\/infos\/impressum\/\",\"name\":\"Impressum - Bacinas Infos\",\"isPartOf\":{\"@id\":\"https:\/\/www.bacinas.de\/infos\/#website\"},\"datePublished\":\"2018-05-07T10:42:43+00:00\",\"dateModified\":\"2018-07-24T13:16:58+00:00\",\"breadcrumb\":{\"@id\":\"https:\/\/www.bacinas.de\/infos\/impressum\/#breadcrumb\"},\"inLanguage\":\"de\",\"potentialAction\":[{\"@type\":\"ReadAction\",\"target\":[\"https:\/\/www.bacinas.de\/infos\/impressum\/\"]}]},{\"@type\":\"BreadcrumbList\",\"@id\":\"https:\/\/www.bacinas.de\/infos\/impressum\/#breadcrumb\",\"itemListElement\":[{\"@type\":\"ListItem\",\"position\":1,\"name\":\"Home\",\"item\":\"https:\/\/www.bacinas.de\/infos\/\"},{\"@type\":\"ListItem\",\"position\":2,\"name\":\"Impressum\"}]}]}<\/script>\n<!-- \/ Yoast SEO plugin. -->","yoast_head_json":{"title":"Impressum - Bacinas Infos","robots":{"index":"noindex","follow":"follow"},"og_locale":"de_DE","og_type":"article","og_title":"Impressum - Bacinas Infos","og_description":"[et_pb_section bb_built=&#8220;1&#8243;][et_pb_row][et_pb_column type=&#8220;4_4&#8243;][et_pb_text] Impressum Angaben gem\u00e4\u00df \u00a7 5 TMG: Novasu GmbH Savignyplatz 6 10623 Berlin Kontakt: Telefon: + 49 (0)30-31808151 Telefax: + 49 (0)30-31808152 E-Mail: info@japanwelt.de Umsatzsteuer: Umsatzsteuer- Identifikationsnummer gem\u00e4\u00df \u00a727 a Umsatzsteuergesetz: DE814350895 Streitschlichtung Die Europ\u00e4ische Kommission stellt eine Plattform zur Online- Streitbeilegung (OS) bereit:\u00a0 https:\/\/ec.europa.eu\/consumers\/odr Unsere E-Mail-Adresse finden Sie oben im Impressum. Wir [&hellip;]","og_url":"https:\/\/www.bacinas.de\/infos\/impressum\/","og_site_name":"Bacinas Infos","article_modified_time":"2018-07-24T13:16:58+00:00","twitter_card":"summary_large_image","twitter_misc":{"Gesch\u00e4tzte Lesezeit":"2\u00a0Minuten"},"schema":{"@context":"https:\/\/schema.org","@graph":[{"@type":"WebSite","@id":"https:\/\/www.bacinas.de\/infos\/#website","url":"https:\/\/www.bacinas.de\/infos\/","name":"Bacinas Infos","description":"Bacinas - Die Edlen Filzpantoffeln","potentialAction":[{"@type":"SearchAction","target":{"@type":"EntryPoint","urlTemplate":"https:\/\/www.bacinas.de\/infos\/?s={search_term_string}"},"query-input":"required name=search_term_string"}],"inLanguage":"de"},{"@type":"WebPage","@id":"https:\/\/www.bacinas.de\/infos\/impressum\/","url":"https:\/\/www.bacinas.de\/infos\/impressum\/","name":"Impressum - Bacinas Infos","isPartOf":{"@id":"https:\/\/www.bacinas.de\/infos\/#website"},"datePublished":"2018-05-07T10:42:43+00:00","dateModified":"2018-07-24T13:16:58+00:00","breadcrumb":{"@id":"https:\/\/www.bacinas.de\/infos\/impressum\/#breadcrumb"},"inLanguage":"de","potentialAction":[{"@type":"ReadAction","target":["https:\/\/www.bacinas.de\/infos\/impressum\/"]}]},{"@type":"BreadcrumbList","@id":"https:\/\/www.bacinas.de\/infos\/impressum\/#breadcrumb","itemListElement":[{"@type":"ListItem","position":1,"name":"Home","item":"https:\/\/www.bacinas.de\/infos\/"},{"@type":"ListItem","position":2,"name":"Impressum"}]}]}},"_links":{"self":[{"href":"https:\/\/www.bacinas.de\/infos\/wp-json\/wp\/v2\/pages\/121"}],"collection":[{"href":"https:\/\/www.bacinas.de\/infos\/wp-json\/wp\/v2\/pages"}],"about":[{"href":"https:\/\/www.bacinas.de\/infos\/wp-json\/wp\/v2\/types\/page"}],"author":[{"embeddable":true,"href":"https:\/\/www.bacinas.de\/infos\/wp-json\/wp\/v2\/users\/2"}],"replies":[{"embeddable":true,"href":"https:\/\/www.bacinas.de\/infos\/wp-json\/wp\/v2\/comments?post=121"}],"version-history":[{"count":3,"href":"https:\/\/www.bacinas.de\/infos\/wp-json\/wp\/v2\/pages\/121\/revisions"}],"predecessor-version":[{"id":322,"href":"https:\/\/www.bacinas.de\/infos\/wp-json\/wp\/v2\/pages\/121\/revisions\/322"}],"wp:attachment":[{"href":"https:\/\/www.bacinas.de\/infos\/wp-json\/wp\/v2\/media?parent=121"}],"curies":[{"name":"wp","href":"https:\/\/api.w.org\/{rel}","templated":true}]}}